{"id":446,"date":"2012-11-20T18:09:55","date_gmt":"2012-11-20T17:09:55","guid":{"rendered":"https:\/\/www.dantschke-med.de\/?page_id=446"},"modified":"2024-03-26T18:17:46","modified_gmt":"2024-03-26T18:17:46","slug":"links","status":"publish","type":"page","link":"https:\/\/dantschkemedizin-cd9xzcki6c.live-website.com\/en\/support\/links\/","title":{"rendered":"Links"},"content":{"rendered":"<div data-elementor-type=\"wp-page\" data-elementor-id=\"446\" class=\"elementor elementor-446\" data-elementor-post-type=\"page\">\n\t\t\t\t<div class=\"elementor-element elementor-element-fad0390 e-flex e-con-boxed elementor-invisible e-con e-parent\" data-id=\"fad0390\" data-element_type=\"container\" data-e-type=\"container\" data-settings=\"{&quot;animation&quot;:&quot;fadeIn&quot;}\" data-no-translation=\"\">\n\t\t\t\t\t<div class=\"e-con-inner\">\n\t\t\t\t<div class=\"elementor-element elementor-element-c537683 elementor-widget elementor-widget-heading\" data-id=\"c537683\" data-element_type=\"widget\" data-e-type=\"widget\" data-widget_type=\"heading.default\">\n\t\t\t\t<div class=\"elementor-widget-container\">\n\t\t\t\t\t<h2 class=\"elementor-heading-title elementor-size-default\">Institutes and organisations<\/h2>\t\t\t\t<\/div>\n\t\t\t\t<\/div>\n\t\t\t\t<div class=\"elementor-element elementor-element-737f329 elementor-widget elementor-widget-text-editor\" data-id=\"737f329\" data-element_type=\"widget\" data-e-type=\"widget\" data-widget_type=\"text-editor.default\">\n\t\t\t\t<div class=\"elementor-widget-container\">\n\t\t\t\t\t\t\t\t\t<ul><li><a title=\"Deutsche Gesellschaft f\u00fcr Hals-Nasen-Ohren-Heilkunde\" href=\"https:\/\/www.hno.org\" target=\"_blank\" rel=\"noopener\">Deutsche Gesellschaft f\u00fcr Hals-Nasen-Ohren-Heilkunde<\/a><\/li><li><a title=\"Bundesministerium f\u00fcr Gesundheit\" href=\"https:\/\/www.bmg.bund.de\" target=\"_blank\" rel=\"noopener\">Bundesministerium f\u00fcr Gesundheit<\/a><\/li><li><a title=\"Kassen\u00e4rztliche Bundesvereinigung\" href=\"https:\/\/www.kbv.de\" target=\"_blank\" rel=\"noopener\">Kassen\u00e4rztliche Bundesvereinigung<\/a><\/li><\/ul>\t\t\t\t\t\t\t\t<\/div>\n\t\t\t\t<\/div>\n\t\t\t\t<div class=\"elementor-element elementor-element-579a25c elementor-widget elementor-widget-spacer\" data-id=\"579a25c\" data-element_type=\"widget\" data-e-type=\"widget\" data-widget_type=\"spacer.default\">\n\t\t\t\t<div class=\"elementor-widget-container\">\n\t\t\t\t\t\t\t<div class=\"elementor-spacer\">\n\t\t\t<div class=\"elementor-spacer-inner\"><\/div>\n\t\t<\/div>\n\t\t\t\t\t\t<\/div>\n\t\t\t\t<\/div>\n\t\t\t\t<div class=\"elementor-element elementor-element-435d16c elementor-widget elementor-widget-heading\" data-id=\"435d16c\" data-element_type=\"widget\" data-e-type=\"widget\" data-widget_type=\"heading.default\">\n\t\t\t\t<div class=\"elementor-widget-container\">\n\t\t\t\t\t<h2 class=\"elementor-heading-title elementor-size-default\">Trade journals<\/h2>\t\t\t\t<\/div>\n\t\t\t\t<\/div>\n\t\t\t\t<div class=\"elementor-element elementor-element-e46ab3e elementor-widget elementor-widget-text-editor\" data-id=\"e46ab3e\" data-element_type=\"widget\" data-e-type=\"widget\" data-widget_type=\"text-editor.default\">\n\t\t\t\t<div class=\"elementor-widget-container\">\n\t\t\t\t\t\t\t\t\t<ul><li><a title=\"\u00c4rzte Zeitung Online\" href=\"https:\/\/www.aerztezeitung.de\" target=\"_blank\" rel=\"noopener\">\u00c4rzte Zeitung Online<\/a><\/li><li><a title=\"Deutsches Medizin Forum\" href=\"https:\/\/www.medizin-forum.de\" target=\"_blank\" rel=\"noopener\">Deutsches Medizin Forum<\/a><\/li><\/ul>\t\t\t\t\t\t\t\t<\/div>\n\t\t\t\t<\/div>\n\t\t\t\t<div class=\"elementor-element elementor-element-f03e1aa elementor-widget elementor-widget-spacer\" data-id=\"f03e1aa\" data-element_type=\"widget\" data-e-type=\"widget\" data-widget_type=\"spacer.default\">\n\t\t\t\t<div class=\"elementor-widget-container\">\n\t\t\t\t\t\t\t<div class=\"elementor-spacer\">\n\t\t\t<div class=\"elementor-spacer-inner\"><\/div>\n\t\t<\/div>\n\t\t\t\t\t\t<\/div>\n\t\t\t\t<\/div>\n\t\t\t\t<div class=\"elementor-element elementor-element-6eecd0f elementor-widget elementor-widget-heading\" data-id=\"6eecd0f\" data-element_type=\"widget\" data-e-type=\"widget\" data-widget_type=\"heading.default\">\n\t\t\t\t<div class=\"elementor-widget-container\">\n\t\t\t\t\t<h2 class=\"elementor-heading-title elementor-size-default\">Industry information<\/h2>\t\t\t\t<\/div>\n\t\t\t\t<\/div>\n\t\t\t\t<div class=\"elementor-element elementor-element-f1448ad elementor-widget elementor-widget-text-editor\" data-id=\"f1448ad\" data-element_type=\"widget\" data-e-type=\"widget\" data-widget_type=\"text-editor.default\">\n\t\t\t\t<div class=\"elementor-widget-container\">\n\t\t\t\t\t\t\t\t\t<ul><li><a title=\"Gelbe Liste - Pharmindex\" href=\"https:\/\/www.gelbe-liste.de\" target=\"_blank\" rel=\"noopener\">Gelbe Liste &#8211; Pharmindex<\/a><\/li><li><a title=\"Rote Liste - Arzneimittelverzeichnis\" href=\"https:\/\/www.rote-liste.de\" target=\"_blank\" rel=\"noopener\">Rote Liste &#8211; Arzneimittelverzeichnis<\/a><\/li><li><a title=\"Springer Medizin - Das Fachportal f\u00fcr \u00c4rzte\" href=\"https:\/\/www.springermedizin.de\" target=\"_blank\" rel=\"noopener\">Springer Medizin &#8211; Das Fachportal f\u00fcr \u00c4rzte<\/a><\/li><li><a title=\"Medivista - Suchmaschine f\u00fcr Medizin und Gesundheit\" href=\"https:\/\/www.medivista.de\" target=\"_blank\" rel=\"noopener\">Medivista &#8211; Suchmaschine f\u00fcr Medizin und Gesundheit<\/a><\/li><\/ul>\t\t\t\t\t\t\t\t<\/div>\n\t\t\t\t<\/div>\n\t\t\t\t<div class=\"elementor-element elementor-element-bed6484 elementor-widget elementor-widget-spacer\" data-id=\"bed6484\" data-element_type=\"widget\" data-e-type=\"widget\" data-widget_type=\"spacer.default\">\n\t\t\t\t<div class=\"elementor-widget-container\">\n\t\t\t\t\t\t\t<div class=\"elementor-spacer\">\n\t\t\t<div class=\"elementor-spacer-inner\"><\/div>\n\t\t<\/div>\n\t\t\t\t\t\t<\/div>\n\t\t\t\t<\/div>\n\t\t\t\t\t<\/div>\n\t\t\t\t<\/div>\n\t\t\t\t<\/div>","protected":false},"excerpt":{"rendered":"<p>Institute und Organisationen Deutsche Gesellschaft f\u00fcr Hals-Nasen-Ohren-Heilkunde Bundesministerium f\u00fcr Gesundheit Kassen\u00e4rztliche Bundesvereinigung Fachzeitschriften \u00c4rzte Zeitung Online Deutsches Medizin Forum Brancheninformationen Gelbe Liste &#8211; Pharmindex Rote Liste &#8211; Arzneimittelverzeichnis Springer Medizin &#8211; Das Fachportal f\u00fcr \u00c4rzte Medivista &#8211; Suchmaschine f\u00fcr Medizin und Gesundheit Institutes and organisations Deutsche Gesellschaft f\u00fcr Hals-Nasen-Ohren-Heilkunde Bundesministerium f\u00fcr Gesundheit Kassen\u00e4rztliche Bundesvereinigung Trade [&hellip;]<\/p>\n","protected":false},"author":2,"featured_media":0,"parent":50,"menu_order":0,"comment_status":"closed","ping_status":"open","template":"","meta":{"footnotes":""},"class_list":["post-446","page","type-page","status-publish","hentry"],"_links":{"self":[{"href":"https:\/\/dantschkemedizin-cd9xzcki6c.live-website.com\/en\/wp-json\/wp\/v2\/pages\/446","targetHints":{"allow":["GET"]}}],"collection":[{"href":"https:\/\/dantschkemedizin-cd9xzcki6c.live-website.com\/en\/wp-json\/wp\/v2\/pages"}],"about":[{"href":"https:\/\/dantschkemedizin-cd9xzcki6c.live-website.com\/en\/wp-json\/wp\/v2\/types\/page"}],"author":[{"embeddable":true,"href":"https:\/\/dantschkemedizin-cd9xzcki6c.live-website.com\/en\/wp-json\/wp\/v2\/users\/2"}],"replies":[{"embeddable":true,"href":"https:\/\/dantschkemedizin-cd9xzcki6c.live-website.com\/en\/wp-json\/wp\/v2\/comments?post=446"}],"version-history":[{"count":6,"href":"https:\/\/dantschkemedizin-cd9xzcki6c.live-website.com\/en\/wp-json\/wp\/v2\/pages\/446\/revisions"}],"predecessor-version":[{"id":4801,"href":"https:\/\/dantschkemedizin-cd9xzcki6c.live-website.com\/en\/wp-json\/wp\/v2\/pages\/446\/revisions\/4801"}],"up":[{"embeddable":true,"href":"https:\/\/dantschkemedizin-cd9xzcki6c.live-website.com\/en\/wp-json\/wp\/v2\/pages\/50"}],"wp:attachment":[{"href":"https:\/\/dantschkemedizin-cd9xzcki6c.live-website.com\/en\/wp-json\/wp\/v2\/media?parent=446"}],"curies":[{"name":"wp","href":"https:\/\/api.w.org\/{rel}","templated":true}]}}