{"id":74,"date":"2012-10-30T11:47:08","date_gmt":"2012-10-30T09:47:08","guid":{"rendered":"https:\/\/dantschkerelaunch.dantschke-med.com\/?page_id=74"},"modified":"2024-03-26T18:21:44","modified_gmt":"2024-03-26T18:21:44","slug":"zertifikate","status":"publish","type":"page","link":"https:\/\/dantschkemedizin-cd9xzcki6c.live-website.com\/en\/unternehmen\/zertifikate\/","title":{"rendered":"References"},"content":{"rendered":"<div data-elementor-type=\"wp-page\" data-elementor-id=\"74\" class=\"elementor elementor-74\" data-elementor-post-type=\"page\">\n\t\t\t\t<div class=\"elementor-element elementor-element-fb59ed4 e-flex e-con-boxed elementor-invisible e-con e-parent\" data-id=\"fb59ed4\" data-element_type=\"container\" data-e-type=\"container\" data-settings=\"{&quot;animation&quot;:&quot;fadeIn&quot;}\" data-no-translation=\"\">\n\t\t\t\t\t<div class=\"e-con-inner\">\n\t\t<div class=\"elementor-element elementor-element-5ce7c2e e-con-full e-flex e-con e-child\" data-id=\"5ce7c2e\" data-element_type=\"container\" data-e-type=\"container\">\n\t\t\t\t<div class=\"elementor-element elementor-element-c6a0fcf elementor-widget elementor-widget-heading\" data-id=\"c6a0fcf\" data-element_type=\"widget\" data-e-type=\"widget\" data-widget_type=\"heading.default\">\n\t\t\t\t<div class=\"elementor-widget-container\">\n\t\t\t\t\t<h2 class=\"elementor-heading-title elementor-size-default\">References from Germany<\/h2>\t\t\t\t<\/div>\n\t\t\t\t<\/div>\n\t\t\t\t<div class=\"elementor-element elementor-element-dcdbc9c elementor-widget elementor-widget-text-editor\" data-id=\"dcdbc9c\" data-element_type=\"widget\" data-e-type=\"widget\" data-widget_type=\"text-editor.default\">\n\t\t\t\t<div class=\"elementor-widget-container\">\n\t\t\t\t\t\t\t\t\t<ul><li style=\"list-style-type: none;\"><ul><li style=\"list-style-type: none;\"><ul><li>Carl-von-Ossietzky-University Hospital, 29129 Oldenburg<\/li><li>Deister-S\u00fcntel-Clinic, 31348 Bad M\u00fcnder<\/li><li>Evangelic hospital Oldenburg, 26122 Oldenburg<\/li><li>ENT-clinic of Hufeland-hospitals, 99425 Weimar<\/li><li>ENT-clinic of the state hospitals, 02826 G\u00f6rlitz<\/li><li>Hospital Bad Rappenau, 74906 Bad Rappenau<\/li><li>Hospital Bad Salzungen, 36433 Bad Salzungen<\/li><li>Sana-Hospital R\u00fcgen GmbH, 18528 Bergen \/ R\u00fcgen<\/li><li>Hospital &#8222;St. Gertrauden&#8220;, 10713 Berlin<\/li><li>State hospital Dortmund, 44137 Dortmund<\/li><li>State hospital Darmstadt, 64297 Darmstadt<\/li><li>State hospital, 38302 Wolfenb\u00fcttel<\/li><li>State hospital &#8222;St. Georg&#8220;, 04129 Leipzig<\/li><li>Carl Gustav Carus University Hospital, 01307 Dresden<\/li><\/ul><\/li><\/ul><ul><li style=\"list-style-type: none;\">\u00a0<\/li><\/ul><\/li><\/ul>\t\t\t\t\t\t\t\t<\/div>\n\t\t\t\t<\/div>\n\t\t\t\t<\/div>\n\t\t<div class=\"elementor-element elementor-element-480b482 e-con-full e-flex e-con e-child\" data-id=\"480b482\" data-element_type=\"container\" data-e-type=\"container\">\n\t\t\t\t<div class=\"elementor-element elementor-element-b4e6d2a elementor-widget elementor-widget-heading\" data-id=\"b4e6d2a\" data-element_type=\"widget\" data-e-type=\"widget\" data-widget_type=\"heading.default\">\n\t\t\t\t<div class=\"elementor-widget-container\">\n\t\t\t\t\t<h2 class=\"elementor-heading-title elementor-size-default\">International References<\/h2>\t\t\t\t<\/div>\n\t\t\t\t<\/div>\n\t\t\t\t<div class=\"elementor-element elementor-element-f8b5cce elementor-widget elementor-widget-text-editor\" data-id=\"f8b5cce\" data-element_type=\"widget\" data-e-type=\"widget\" data-widget_type=\"text-editor.default\">\n\t\t\t\t<div class=\"elementor-widget-container\">\n\t\t\t\t\t\t\t\t\t<ul><li>Al Beida Hospital, Libya<\/li><li>NAFTAN Open-Joint Stock Company &#8222;Sanatorium Novopolotsk&#8220;, Belarus<\/li><li>Hospital Opca bolnica, Koprivnica, Croatia<\/li><li>Melaka Hospital, Malaysia<\/li><li>State Hospital M\u00e1t\u00e9szalka, Hungary<\/li><li>Ostrava Hospital, Ostrava, Czech Republic<\/li><li>Medical Center Havanna, Cuba<\/li><li>Presidential Clinic Minsk, Belarus<\/li><li>Presidential Policlinic Almaty, Kazakhstan<\/li><li>Presidential Clinic Moscow, Russia<\/li><li>THORAX-Clinic Sofia, Bulgaria<\/li><li>Al Amiralam Hospital, Tehran, Iran<\/li><li>Central Hospital Athens, Greece<\/li><li>King Abdulaziz University Hospital, Jeddah, Saudi Arabia<\/li><li>Institute for Medical Specialization (KIMS), Kuwait<\/li><li>Ahmadi Hospital of Kuwait Oil Company, Kuwait<\/li><li>E.E.N.T. Hospital of Fu Dan University, Shanghai, China<\/li><li>Al Esraa Medical Center, Doha, Qatar<\/li><li>Mediclinic &#8222;Welcare Hospital&#8220; Middle East, Dubai, UAE<\/li><li>Ninh Binh General Hospital, Ninh Binh, Vietnam<\/li><li>Alhamdaniyah General Hospital, Ninava City, Iraq<\/li><li>University Hospital \u201cDr. Carol Davila\u201d, Bucarest, Romania<\/li><li>Otolaryngologic Institute &#8222;Prof. O.S. Kolomizhenko&#8220;, Kiev, Ukraine<\/li><li>furthermore: 17 hospitals in Syria<\/li><\/ul>\t\t\t\t\t\t\t\t<\/div>\n\t\t\t\t<\/div>\n\t\t\t\t<\/div>\n\t\t\t\t\t<\/div>\n\t\t\t\t<\/div>\n\t\t\t\t<\/div>","protected":false},"excerpt":{"rendered":"<p>Nationale Referenzen HNO Universit\u00e4tsklinik Aachen, 52074 Aachen Universit\u00e4ts-Klinikum Carl Gustav Carus, 01307 Dresden St\u00e4dtisches Klinikum Dresden Friedrichstadt, 01067 Dresden St\u00e4dtisches Klinikum &#8222;St. Georg&#8220;, 04129 Leipzig HNO-Kliniken der st\u00e4dt. Kliniken, 02826 G\u00f6rlitz Klinik Bad Rappenau, 74906 Bad Rappenau Krankenhaus Bad Salzungen, 36433 Bad Salzungen Sana-Krankenhaus R\u00fcgen GmbH, 18528 Bergen \/ R\u00fcgen St. Kliniken Dortmund, 44137 Dortmund [&hellip;]<\/p>\n","protected":false},"author":2,"featured_media":0,"parent":38,"menu_order":1,"comment_status":"closed","ping_status":"closed","template":"","meta":{"footnotes":""},"class_list":["post-74","page","type-page","status-publish","hentry"],"_links":{"self":[{"href":"https:\/\/dantschkemedizin-cd9xzcki6c.live-website.com\/en\/wp-json\/wp\/v2\/pages\/74","targetHints":{"allow":["GET"]}}],"collection":[{"href":"https:\/\/dantschkemedizin-cd9xzcki6c.live-website.com\/en\/wp-json\/wp\/v2\/pages"}],"about":[{"href":"https:\/\/dantschkemedizin-cd9xzcki6c.live-website.com\/en\/wp-json\/wp\/v2\/types\/page"}],"author":[{"embeddable":true,"href":"https:\/\/dantschkemedizin-cd9xzcki6c.live-website.com\/en\/wp-json\/wp\/v2\/users\/2"}],"replies":[{"embeddable":true,"href":"https:\/\/dantschkemedizin-cd9xzcki6c.live-website.com\/en\/wp-json\/wp\/v2\/comments?post=74"}],"version-history":[{"count":10,"href":"https:\/\/dantschkemedizin-cd9xzcki6c.live-website.com\/en\/wp-json\/wp\/v2\/pages\/74\/revisions"}],"predecessor-version":[{"id":4807,"href":"https:\/\/dantschkemedizin-cd9xzcki6c.live-website.com\/en\/wp-json\/wp\/v2\/pages\/74\/revisions\/4807"}],"up":[{"embeddable":true,"href":"https:\/\/dantschkemedizin-cd9xzcki6c.live-website.com\/en\/wp-json\/wp\/v2\/pages\/38"}],"wp:attachment":[{"href":"https:\/\/dantschkemedizin-cd9xzcki6c.live-website.com\/en\/wp-json\/wp\/v2\/media?parent=74"}],"curies":[{"name":"wp","href":"https:\/\/api.w.org\/{rel}","templated":true}]}}